{"id":3358,"date":"2019-03-24T13:40:49","date_gmt":"2019-03-24T13:40:49","guid":{"rendered":"https:\/\/ergewa-erfurt.de\/?page_id=3358"},"modified":"2022-11-10T07:21:25","modified_gmt":"2022-11-10T07:21:25","slug":"willkommen","status":"publish","type":"page","link":"https:\/\/meisel-strassenbau.de\/","title":{"rendered":"Willkommen"},"content":{"rendered":"<div   class='avia-fullscreen-slider main_color   avia-builder-el-0  el_before_av_one_fifth  avia-builder-el-first  container_wrap sidebar_right'  ><div  class='avia-slideshow av-jyd5cls4-ce70ba1683f491b8374e97c918c10d60 avia-slideshow-extra_large av_fullscreen avia-fade-slider av-slideshow-ui av-control-default av-slideshow-autoplay av-loop-endless av-loop-manual-endless av-default-height-applied   avia-slideshow-1' data-slideshow-options=\"{&quot;animation&quot;:&quot;fade&quot;,&quot;autoplay&quot;:true,&quot;loop_autoplay&quot;:&quot;endless&quot;,&quot;interval&quot;:8,&quot;loop_manual&quot;:&quot;manual-endless&quot;,&quot;autoplay_stopper&quot;:false,&quot;noNavigation&quot;:false,&quot;bg_slider&quot;:true,&quot;keep_padding&quot;:false,&quot;hoverpause&quot;:false,&quot;show_slide_delay&quot;:0,&quot;slide_height&quot;:&quot;100&quot;,&quot;image_attachment&quot;:&quot;&quot;}\"  itemprop=\"image\" itemscope=\"itemscope\" itemtype=\"https:\/\/schema.org\/ImageObject\" ><ul class='avia-slideshow-inner ' style='padding-bottom: 66.61101836394%;'><li style='background-position:center center;' data-img-url='https:\/\/meisel-strassenbau.de\/wp-content\/uploads\/2019\/07\/22.jpg' class='avia-slideshow-slide av-jyd5cls4-ce70ba1683f491b8374e97c918c10d60__0  slide-1 slide-odd'><div data-rel='slideshow-1' class='avia-slide-wrap '   ><\/div><\/li><li style='background-position:center center;' data-img-url='https:\/\/meisel-strassenbau.de\/wp-content\/uploads\/2019\/07\/12a.jpg' class='avia-slideshow-slide av-jyd5cls4-ce70ba1683f491b8374e97c918c10d60__1  slide-2 slide-even'><div data-rel='slideshow-1' class='avia-slide-wrap '   ><\/div><\/li><li style='background-position:center center;' data-img-url='https:\/\/meisel-strassenbau.de\/wp-content\/uploads\/2019\/07\/2.jpg' class='avia-slideshow-slide av-jyd5cls4-ce70ba1683f491b8374e97c918c10d60__2  slide-3 slide-odd'><div data-rel='slideshow-1' class='avia-slide-wrap '   ><\/div><\/li><\/ul><div class='avia-slideshow-arrows avia-slideshow-controls' ><a href='#prev' class='prev-slide  avia-svg-icon avia-font-svg_entypo-fontello' data-av_svg_icon='left-open-big' data-av_iconset='svg_entypo-fontello' tabindex='-1' title=\"Zur\u00fcck\"><svg version=\"1.1\" xmlns=\"http:\/\/www.w3.org\/2000\/svg\" width=\"15\" height=\"32\" viewBox=\"0 0 15 32\" preserveAspectRatio=\"xMidYMid meet\" aria-labelledby='av-svg-title-1' aria-describedby='av-svg-desc-1' role=\"graphics-symbol\" aria-hidden=\"true\">\n<title id='av-svg-title-1'>Zur\u00fcck<\/title>\n<desc id='av-svg-desc-1'>Zur\u00fcck<\/desc>\n<path d=\"M14.464 27.84q0.832 0.832 0 1.536-0.832 0.832-1.536 0l-12.544-12.608q-0.768-0.768 0-1.6l12.544-12.608q0.704-0.832 1.536 0 0.832 0.704 0 1.536l-11.456 11.904z\"><\/path>\n<\/svg><span class='avia_hidden_link_text'>Zur\u00fcck<\/span><\/a><a href='#next' class='next-slide  avia-svg-icon avia-font-svg_entypo-fontello' data-av_svg_icon='right-open-big' data-av_iconset='svg_entypo-fontello' tabindex='-1' title=\"Weiter\"><svg version=\"1.1\" xmlns=\"http:\/\/www.w3.org\/2000\/svg\" width=\"15\" height=\"32\" viewBox=\"0 0 15 32\" preserveAspectRatio=\"xMidYMid meet\" aria-labelledby='av-svg-title-2' aria-describedby='av-svg-desc-2' role=\"graphics-symbol\" aria-hidden=\"true\">\n<title id='av-svg-title-2'>Weiter<\/title>\n<desc id='av-svg-desc-2'>Weiter<\/desc>\n<path d=\"M0.416 27.84l11.456-11.84-11.456-11.904q-0.832-0.832 0-1.536 0.832-0.832 1.536 0l12.544 12.608q0.768 0.832 0 1.6l-12.544 12.608q-0.704 0.832-1.536 0-0.832-0.704 0-1.536z\"><\/path>\n<\/svg><span class='avia_hidden_link_text'>Weiter<\/span><\/a><\/div><div class='avia-slideshow-dots avia-slideshow-controls'><a href='#1' class='goto-slide active' >1<\/a><a href='#2' class='goto-slide ' >2<\/a><a href='#3' class='goto-slide ' >3<\/a><\/div><div class='av-slideshow-caption av-jyd5cls4-ce70ba1683f491b8374e97c918c10d60__0 caption_fullwidth caption_center caption_center_framed caption_framed'><div class=\"container caption_container\"><div class=\"slideshow_caption\"><div class=\"slideshow_inner_caption\"><div class=\"slideshow_align_caption\"><h2 class='avia-caption-title '  itemprop=\"name\" >MEISEL STRASSENBAU \u2013 IHR PARTNER F\u00dcR WEGEBAU , PFLASTERARBEITEN UND TIEFBAU<\/h2><\/div><\/div><\/div><\/div><\/div><\/div><\/div><div id='after_full_slider_1'  class='main_color av_default_container_wrap container_wrap sidebar_right'  ><div class='container av-section-cont-open' ><div class='template-page content  av-content-small alpha units'><div class='post-entry post-entry-type-page post-entry-3358'><div class='entry-content-wrapper clearfix'>\n\n<style type=\"text\/css\" data-created_by=\"avia_inline_auto\" id=\"style-css-av-42uuny-c8753247ed427a889fd0c9181d0071f4\">\n.flex_column.av-42uuny-c8753247ed427a889fd0c9181d0071f4{\nborder-radius:0px 0px 0px 0px;\npadding:0px 0px 0px 0px;\n}\n<\/style>\n<div  class='flex_column av-42uuny-c8753247ed427a889fd0c9181d0071f4 av_one_fifth  avia-builder-el-1  el_after_av_fullscreen  el_before_av_one_half  avia-builder-el-first  first flex_column_div av-zero-column-padding  '     ><style type=\"text\/css\" data-created_by=\"avia_inline_auto\" id=\"style-css-av-k9wjhbry-73cce24d485eb0eedc697dbd787d65d9\">\n#top .av-special-heading.av-k9wjhbry-73cce24d485eb0eedc697dbd787d65d9{\npadding-bottom:15px;\n}\nbody .av-special-heading.av-k9wjhbry-73cce24d485eb0eedc697dbd787d65d9 .av-special-heading-tag .heading-char{\nfont-size:25px;\n}\n.av-special-heading.av-k9wjhbry-73cce24d485eb0eedc697dbd787d65d9 .av-subheading{\nfont-size:15px;\n}\n<\/style>\n<div  class='av-special-heading av-k9wjhbry-73cce24d485eb0eedc697dbd787d65d9 av-special-heading-h2 blockquote modern-quote  avia-builder-el-2  avia-builder-el-no-sibling '><h2 class='av-special-heading-tag '  itemprop=\"headline\"  >HERZLICH WILLKOMMEN BEI MEISEL STRASSENBAU <\/h2><div class=\"special-heading-border\"><div class=\"special-heading-inner-border\"><\/div><\/div><\/div><\/div>\n\n<style type=\"text\/css\" data-created_by=\"avia_inline_auto\" id=\"style-css-av-293yby-fc48b2f48ea0685b305ce4db45c620b0\">\n.flex_column.av-293yby-fc48b2f48ea0685b305ce4db45c620b0{\nborder-radius:0px 0px 0px 0px;\npadding:0px 0px 0px 0px;\n}\n<\/style>\n<div  class='flex_column av-293yby-fc48b2f48ea0685b305ce4db45c620b0 av_one_half  avia-builder-el-3  el_after_av_one_fifth  el_before_av_one_fourth  flex_column_div av-zero-column-padding  '     ><p><section  class='av_textblock_section av-k9h0xa26-69e83c2418c3f4a3ab3d06fef3e3d714 '   itemscope=\"itemscope\" itemtype=\"https:\/\/schema.org\/CreativeWork\" ><div class='avia_textblock'  itemprop=\"text\" ><p><strong>Wir schaffen Wege &amp; Pl\u00e4tze seit Generationen<\/strong><\/p>\n<p>Mit Leidenschaft und handwerklichen Geschick gestalten wir Au\u00dfenanlagen. Vom Weg \u00fcber die Zufahrten und die Gr\u00fcnfl\u00e4chen &#8211; wir schaffen nachhaltige Lebensqualit\u00e4t. Unser Leistungsspektrum umfasst den Tiefbau, Rohrleitungsbau und den Strassen- und Wegebau.<\/p>\n<p>Bauen Sie mit uns &#8211; wir freuen uns auf Ihre Kontaktaufnahme.<\/p>\n<\/div><\/section><br \/>\n<div  class='av_promobox av-kfv5qpqz-a66e2aaf793e060af564d54761eb67e9 avia-button-yes  avia-builder-el-5  el_after_av_textblock  avia-builder-el-last '><div class='avia-promocontent'><\/p>\n<div class=\"av-special-heading av-special-heading-h1 blockquote modern-quote modern-centered avia-builder-el-2 el_before_av_hr avia-builder-el-first \">\n<h4 class=\"av-special-heading-tag \" style=\"text-align: center;\">BRINGEN SIE IHRE ZUKUNFT MIT UNS AUF DEN WEG!<\/h4>\n<\/div>\n<h4 class=\"hr hr-invisible avia-builder-el-3 el_after_av_heading el_before_av_textblock \" style=\"text-align: center;\"><\/h4>\n<section class=\"av_textblock_section \">\n<div class=\"avia_textblock \">\n<h4 style=\"text-align: center;\"><strong>STELLENANGEBOT ALS STRASSENBAUER ODER TIEFBAUFACHARBEITER (M\/W\/D)<\/strong><\/h4>\n<\/div>\n<\/section>\n<p>\n<\/div><div  class='avia-button-wrap av-kfv5qpqz-b7fb0fdabcff74ac083fcc8ab1839ef1-wrap avia-button-right '><a href='https:\/\/meisel-strassenbau.de\/?page_id=3879'  class='avia-button av-kfv5qpqz-b7fb0fdabcff74ac083fcc8ab1839ef1 av-link-btn avia-icon_select-no avia-size-large avia-position-right avia-color-red'   aria-label=\"Wir suchen Sie!\"><span class='avia_iconbox_title' >Wir suchen Sie!<\/span><\/a><\/div><\/div><\/p><\/div>\n\n<style type=\"text\/css\" data-created_by=\"avia_inline_auto\" id=\"style-css-av-293yby-1-9f4662afca7c873c0ddf609c257e1c5c\">\n.flex_column.av-293yby-1-9f4662afca7c873c0ddf609c257e1c5c{\nborder-radius:0px 0px 0px 0px;\npadding:0px 0px 0px 0px;\n}\n<\/style>\n<div  class='flex_column av-293yby-1-9f4662afca7c873c0ddf609c257e1c5c av_one_fourth  avia-builder-el-6  el_after_av_one_half  avia-builder-el-last  flex_column_div av-zero-column-padding  '     ><p><div  class='avia-button-wrap av-k9h4udtj-a18b7de84e643eca06598dbdfd71b705-wrap avia-button-center  avia-builder-el-7  el_before_av_image  avia-builder-el-first '><a href='https:\/\/meisel-strassenbau.de\/wp-content\/uploads\/2022\/11\/Meisel-Strassenbau-Flyer-2022.pdf'  class='avia-button av-k9h4udtj-a18b7de84e643eca06598dbdfd71b705 av-link-btn avia-icon_select-yes-left-icon avia-size-small avia-position-center avia-color-theme-color'  target=\"_blank\"  rel=\"noopener noreferrer\"  aria-label=\"Unser Flyer\"><span class='avia_button_icon avia_button_icon_left avia-iconfont avia-font-entypo-fontello' data-av_icon='\ue82d' data-av_iconfont='entypo-fontello' ><\/span><span class='avia_iconbox_title' >Unser Flyer<\/span><\/a><\/div><br \/>\n\n<style type=\"text\/css\" data-created_by=\"avia_inline_auto\" id=\"style-css-av-k9h0zvht-c0f92325e2621b4e2b570eeacba65766\">\n.avia-image-container.av-k9h0zvht-c0f92325e2621b4e2b570eeacba65766 img.avia_image{\nbox-shadow:none;\n}\n.avia-image-container.av-k9h0zvht-c0f92325e2621b4e2b570eeacba65766 .av-image-caption-overlay-center{\ncolor:#ffffff;\n}\n<\/style>\n<div  id=\"Download\"  class='avia-image-container av-k9h0zvht-c0f92325e2621b4e2b570eeacba65766 av-styling- avia-align-center  avia-builder-el-8  el_after_av_button  avia-builder-el-last '   itemprop=\"image\" itemscope=\"itemscope\" itemtype=\"https:\/\/schema.org\/ImageObject\" ><div class=\"avia-image-container-inner\"><div class=\"avia-image-overlay-wrap\"><img decoding=\"async\" fetchpriority=\"high\" class='wp-image-3903 avia-img-lazy-loading-not-3903 avia_image ' src=\"https:\/\/meisel-strassenbau.de\/wp-content\/uploads\/2022\/11\/SM-Flyervorschau-151x300.jpg\" alt='' title='SM Flyervorschau'  height=\"300\" width=\"151\"  itemprop=\"thumbnailUrl\" srcset=\"https:\/\/meisel-strassenbau.de\/wp-content\/uploads\/2022\/11\/SM-Flyervorschau-151x300.jpg 151w, https:\/\/meisel-strassenbau.de\/wp-content\/uploads\/2022\/11\/SM-Flyervorschau-515x1024.jpg 515w, https:\/\/meisel-strassenbau.de\/wp-content\/uploads\/2022\/11\/SM-Flyervorschau-355x705.jpg 355w, https:\/\/meisel-strassenbau.de\/wp-content\/uploads\/2022\/11\/SM-Flyervorschau.jpg 590w\" sizes=\"(max-width: 151px) 100vw, 151px\" \/><\/div><\/div><\/div><\/p><\/div>\n","protected":false},"excerpt":{"rendered":"","protected":false},"author":1,"featured_media":0,"parent":0,"menu_order":0,"comment_status":"closed","ping_status":"closed","template":"","meta":{"footnotes":""},"class_list":["post-3358","page","type-page","status-publish","hentry"],"_links":{"self":[{"href":"https:\/\/meisel-strassenbau.de\/index.php?rest_route=\/wp\/v2\/pages\/3358","targetHints":{"allow":["GET"]}}],"collection":[{"href":"https:\/\/meisel-strassenbau.de\/index.php?rest_route=\/wp\/v2\/pages"}],"about":[{"href":"https:\/\/meisel-strassenbau.de\/index.php?rest_route=\/wp\/v2\/types\/page"}],"author":[{"embeddable":true,"href":"https:\/\/meisel-strassenbau.de\/index.php?rest_route=\/wp\/v2\/users\/1"}],"replies":[{"embeddable":true,"href":"https:\/\/meisel-strassenbau.de\/index.php?rest_route=%2Fwp%2Fv2%2Fcomments&post=3358"}],"version-history":[{"count":20,"href":"https:\/\/meisel-strassenbau.de\/index.php?rest_route=\/wp\/v2\/pages\/3358\/revisions"}],"predecessor-version":[{"id":3902,"href":"https:\/\/meisel-strassenbau.de\/index.php?rest_route=\/wp\/v2\/pages\/3358\/revisions\/3902"}],"wp:attachment":[{"href":"https:\/\/meisel-strassenbau.de\/index.php?rest_route=%2Fwp%2Fv2%2Fmedia&parent=3358"}],"curies":[{"name":"wp","href":"https:\/\/api.w.org\/{rel}","templated":true}]}}